{"id":770,"date":"2019-12-18T08:37:33","date_gmt":"2019-12-18T08:37:33","guid":{"rendered":"https:\/\/bellavistaandros.com\/?page_id=770"},"modified":"2020-02-04T10:16:02","modified_gmt":"2020-02-04T10:16:02","slug":"androsactivities","status":"publish","type":"page","link":"https:\/\/bellavistaandros.com\/de\/androsactivities\/","title":{"rendered":"Aktivit\u00e4ten"},"content":{"rendered":"\n<p class=\"has-text-align-center\">\u03a3\u03c4\u03b7\u03bd <strong>Villa Bellavista  Design Studios<\/strong> \u03c6\u03c1\u03bf\u03bd\u03c4\u03af\u03b6\u03bf\u03c5\u03bc\u03b5 \u03bd\u03b1 \u03c3\u03b1\u03c2 \u03c0\u03c1\u03bf\u03c3\u03c6\u03ad\u03c1\u03bf\u03c5\u03bc\u03b5 \u03cc\u03bb\u03b5\u03c2 \u03c4\u03b9\u03c2 \u03b1\u03c0\u03b1\u03c1\u03b1\u03af\u03c4\u03b7\u03c4\u03b5\u03c2 \u00a0<strong>\u03b1\u03bd\u03ad\u03c3\u03b5\u03b9\u03c2<\/strong> \u03c3\u03c4\u03bf\u03c5\u03c2 \u03c7\u03ce\u03c1\u03bf\u03c5\u03c2 \u03bc\u03b1\u03c2 \u03b1\u03bb\u03bb\u03ac \u03ba\u03b1\u03b9 \u03c0\u03c1\u03bf\u03c4\u03ac\u03c3\u03b5\u03b9\u03c2 \u03bc\u03b5 \u03c4\u03b9\u03c2 \u03c0\u03b9\u03bf \u03b5\u03bd\u03b4\u03b9\u03b1\u03c6\u03ad\u03c1\u03bf\u03c5\u03c3\u03b5\u03c2 <strong>\u03b4\u03c1\u03b1\u03c3\u03c4\u03b7\u03c1\u03b9\u03cc\u03c4\u03b7\u03c4\u03b5\u03c2 \u03c3\u03c4\u03b7\u03bd \u0386\u03bd\u03b4\u03c1\u03bf<\/strong>, \u00a0\u03c4\u03cc\u03c3\u03bf \u00a0\u03b3\u03b9\u03b1 <strong>\u03c3\u03cd\u03bd\u03c4\u03bf\u03bc\u03b5\u03c2 \u03b1\u03c0\u03bf\u03b4\u03c1\u03ac\u03c3\u03b5\u03b9\u03c2<\/strong> \u03c4\u03bf\u03c5 <strong>\u03a3\u03b1\u03b2\u03b2\u03b1\u03c4\u03bf\u03ba\u03cd\u03c1\u03b9\u03b1\u03ba\u03bf\u03c5<\/strong> \u03cc\u03c3\u03bf \u03ba\u03b1\u03b9 \u03b3\u03b9\u03b1 \u03bc\u03b5\u03b3\u03b1\u03bb\u03cd\u03c4\u03b5\u03c1\u03b7\u03c2 \u03b4\u03b9\u03ac\u03c1\u03ba\u03b5\u03b9\u03b1\u03c2 \u03c0\u03b1\u03c1\u03b1\u03bc\u03bf\u03bd\u03ae\u03c2 \u03b3\u03b9\u03b1 \u03c4\u03b9\u03c2 <strong>\u03b4\u03b9\u03b1\u03ba\u03bf\u03c0\u03ad\u03c2<\/strong> \u03c3\u03b1\u03c2 \u03b1\u03bb\u03bb\u03ac \u03ba\u03b1\u03b9 \u03b3\u03b9\u03b1 \u03cc\u03c0\u03bf\u03b9\u03bf\u03bd \u03ac\u03bb\u03bb\u03bf\u03bd \u03bb\u03cc\u03b3\u03bf \u03b5\u03c0\u03b9\u03c3\u03ba\u03ad\u03c0\u03c4\u03b5\u03c3\u03c4\u03b5 \u03c4\u03bf \u03c0\u03b1\u03bd\u03ad\u03bc\u03bf\u03c1\u03c6\u03bf \u03bd\u03b7\u03c3\u03af \u03c4\u03b7\u03c2 <strong>\u0386\u03bd\u03b4\u03c1\u03bf\u03c5<\/strong>.<\/p>\n\n\n\n<div style=\"height:50px\" class=\"wp-block-spacer\"><\/div>\n\n\n<p>[mphb_services orderby=date]<\/p>\n\n\n\n<p><\/p>\n","protected":false},"excerpt":{"rendered":"<p class=\"translation-block\">Bei der Villa Bellavista Design Studios sorgen wir daf\u00fcr, Ihnen alle n\u00f6tigen Komforte in unseren R\u00e4umen anzubieten, aber auch Vorschl\u00e4ge mit den interessantesten Aktivit\u00e4ten auf Andros, sowohl f\u00fcr kurze Wochenende-Ausfl\u00fcge als auch f\u00fcr einen l\u00e4ngeren Aufenthalt w\u00e4hrend Ihrer Ferien, und auch zu jedem m\u00f6glichen Grund f\u00fcr Ihren Besuch.<\/p>","protected":false},"author":1,"featured_media":0,"parent":0,"menu_order":0,"comment_status":"closed","ping_status":"closed","template":"template-wide-page.php","meta":{"pagelayer_contact_templates":[],"_pagelayer_content":"","footnotes":""},"class_list":["post-770","page","type-page","status-publish","hentry"],"aioseo_notices":[],"_links":{"self":[{"href":"https:\/\/bellavistaandros.com\/de\/wp-json\/wp\/v2\/pages\/770","targetHints":{"allow":["GET"]}}],"collection":[{"href":"https:\/\/bellavistaandros.com\/de\/wp-json\/wp\/v2\/pages"}],"about":[{"href":"https:\/\/bellavistaandros.com\/de\/wp-json\/wp\/v2\/types\/page"}],"author":[{"embeddable":true,"href":"https:\/\/bellavistaandros.com\/de\/wp-json\/wp\/v2\/users\/1"}],"replies":[{"embeddable":true,"href":"https:\/\/bellavistaandros.com\/de\/wp-json\/wp\/v2\/comments?post=770"}],"version-history":[{"count":7,"href":"https:\/\/bellavistaandros.com\/de\/wp-json\/wp\/v2\/pages\/770\/revisions"}],"predecessor-version":[{"id":1281,"href":"https:\/\/bellavistaandros.com\/de\/wp-json\/wp\/v2\/pages\/770\/revisions\/1281"}],"wp:attachment":[{"href":"https:\/\/bellavistaandros.com\/de\/wp-json\/wp\/v2\/media?parent=770"}],"curies":[{"name":"wp","href":"https:\/\/api.w.org\/{rel}","templated":true}]}}