{"id":618,"date":"2019-11-27T10:24:26","date_gmt":"2019-11-27T10:24:26","guid":{"rendered":"https:\/\/bellavistaandros.com\/?page_id=618"},"modified":"2020-04-21T13:30:23","modified_gmt":"2020-04-21T13:30:23","slug":"androsisland","status":"publish","type":"page","link":"https:\/\/bellavistaandros.com\/de\/androsisland\/","title":{"rendered":"Andros Insel"},"content":{"rendered":"<figure class=\"wp-block-image size-large\"><img loading=\"lazy\" decoding=\"async\" width=\"1024\" height=\"683\" src=\"https:\/\/bellavistaandros.com\/wp-content\/uploads\/2019\/12\/slid04_v2-1024x683.jpg\" alt=\"\" class=\"wp-image-700\" srcset=\"https:\/\/bellavistaandros.com\/wp-content\/uploads\/2019\/12\/slid04_v2-1024x683.jpg 1024w, https:\/\/bellavistaandros.com\/wp-content\/uploads\/2019\/12\/slid04_v2-300x200.jpg 300w, https:\/\/bellavistaandros.com\/wp-content\/uploads\/2019\/12\/slid04_v2-768x512.jpg 768w, https:\/\/bellavistaandros.com\/wp-content\/uploads\/2019\/12\/slid04_v2-1536x1024.jpg 1536w, https:\/\/bellavistaandros.com\/wp-content\/uploads\/2019\/12\/slid04_v2-892x594.jpg 892w, https:\/\/bellavistaandros.com\/wp-content\/uploads\/2019\/12\/slid04_v2-150x100.jpg 150w, https:\/\/bellavistaandros.com\/wp-content\/uploads\/2019\/12\/slid04_v2.jpg 1600w\" sizes=\"auto, (max-width: 1024px) 100vw, 1024px\" \/><\/figure>\n\n\n\n<p class=\"translation-block\">Andros ist eins der beliebtesten Ferienorte, wegen ihrer nat\u00fcrlichen Sch\u00f6nheit, der Kultur und des kurzen Abstands von Athen. Die Insel hat wundersch\u00f6ne Str\u00e4nde, wichtige arch\u00e4ologische und historische Monumente, T\u00e4ler mit \u00fcppigem Gr\u00fcn, endlose Olivenfelder, Schluchten und kristallklares flie\u00dfendes Wasser.<\/p>\n\n\n\n<p class=\"translation-block\">Batsi, eins der meist-besuchten Orte der Insel, liegt auf zwei H\u00fcgeln, die die gleichnamige Bucht umgeben. Hier wird Sie die Zykladen-Landschaft, der kleine Hafen und der sch\u00f6ne Strand des Ortes, der als einer der besten auf Andros angesehen wird, entz\u00fccken.<\/p>\n\n\n\n<p><strong>Sehensw\u00fcrdigkeiten von Andros<\/strong><\/p>\n\n\n\n<p class=\"translation-block\">Auf der ganzen Insel gibt es viele Sehensw\u00fcrdigkeite, da sie seit der Antike ein wichtiges Kulturzentrum Griechenlands war.<\/p>\n\n\n\n<p><strong>In Chora, der Inselhauptstadt, k\u00f6nnen Sie besuchen:<\/strong><\/p>\n\n\n\n<ul class=\"wp-block-list\"><li>Die Krichen Mari\u00e4 Himmelfahrt, Agia Tsoura, Agios Georgios und Panagia Theoskepasti<\/li><li>Die Wasserquelle von Kampanis<\/li><li class=\"translation-block\">Den Leuchtturm Tourlitis<\/li><li class=\"translation-block\">Die Museen (Arch\u00e4ologisches, Volkskundemuseum, Maritimes und Moderner Kunst)<\/li><\/ul>\n\n\n\n<figure class=\"wp-block-gallery columns-3 is-cropped wp-block-gallery-1 is-layout-flex wp-block-gallery-is-layout-flex\"><ul class=\"blocks-gallery-grid\"><li class=\"blocks-gallery-item\"><figure><a href=\"https:\/\/bellavistaandros.com\/wp-content\/uploads\/2019\/12\/images.jpg\"><img loading=\"lazy\" decoding=\"async\" width=\"259\" height=\"194\" src=\"https:\/\/bellavistaandros.com\/wp-content\/uploads\/2019\/12\/images.jpg\" alt=\"\" data-id=\"702\" data-link=\"https:\/\/bellavistaandros.com\/%ce%b7-%ce%b1%ce%bd%ce%b4%cf%81%ce%bf%cf%82\/images\/\" class=\"wp-image-702\"\/><\/a><\/figure><\/li><li class=\"blocks-gallery-item\"><figure><a href=\"https:\/\/bellavistaandros.com\/wp-content\/uploads\/2019\/12\/\u03b1\u03c1\u03c7\u03b5\u03af\u03bf-\u03bb\u03ae\u03c8\u03b7\u03c21.jpg\"><img loading=\"lazy\" decoding=\"async\" width=\"262\" height=\"193\" src=\"https:\/\/bellavistaandros.com\/wp-content\/uploads\/2019\/12\/\u03b1\u03c1\u03c7\u03b5\u03af\u03bf-\u03bb\u03ae\u03c8\u03b7\u03c21.jpg\" alt=\"\" data-id=\"703\" data-link=\"https:\/\/bellavistaandros.com\/%ce%b7-%ce%b1%ce%bd%ce%b4%cf%81%ce%bf%cf%82\/%ce%b1%cf%81%cf%87%ce%b5%ce%af%ce%bf-%ce%bb%ce%ae%cf%88%ce%b7%cf%821\/\" class=\"wp-image-703\"\/><\/a><\/figure><\/li><li class=\"blocks-gallery-item\"><figure><a href=\"https:\/\/bellavistaandros.com\/wp-content\/uploads\/2019\/12\/\u03b1\u03c1\u03c7\u03b5\u03af\u03bf-\u03bb\u03ae\u03c8\u03b7\u03c22.jpg\"><img loading=\"lazy\" decoding=\"async\" width=\"272\" height=\"185\" src=\"https:\/\/bellavistaandros.com\/wp-content\/uploads\/2019\/12\/\u03b1\u03c1\u03c7\u03b5\u03af\u03bf-\u03bb\u03ae\u03c8\u03b7\u03c22.jpg\" alt=\"\" data-id=\"704\" data-link=\"https:\/\/bellavistaandros.com\/%ce%b7-%ce%b1%ce%bd%ce%b4%cf%81%ce%bf%cf%82\/%ce%b1%cf%81%cf%87%ce%b5%ce%af%ce%bf-%ce%bb%ce%ae%cf%88%ce%b7%cf%822\/\" class=\"wp-image-704\"\/><\/a><\/figure><\/li><li class=\"blocks-gallery-item\"><figure><a href=\"https:\/\/bellavistaandros.com\/wp-content\/uploads\/2020\/02\/bella-vista-grias-pidima-andros.jpg\"><img loading=\"lazy\" decoding=\"async\" width=\"900\" height=\"600\" src=\"https:\/\/bellavistaandros.com\/wp-content\/uploads\/2020\/02\/bella-vista-grias-pidima-andros.jpg\" alt=\"\" data-id=\"1234\" data-full-url=\"https:\/\/bellavistaandros.com\/wp-content\/uploads\/2020\/02\/bella-vista-grias-pidima-andros.jpg\" data-link=\"https:\/\/bellavistaandros.com\/%ce%b7-%ce%b1%ce%bd%ce%b4%cf%81%ce%bf%cf%82\/bella-vista-grias-pidima-andros\/\" class=\"wp-image-1234\" srcset=\"https:\/\/bellavistaandros.com\/wp-content\/uploads\/2020\/02\/bella-vista-grias-pidima-andros.jpg 900w, https:\/\/bellavistaandros.com\/wp-content\/uploads\/2020\/02\/bella-vista-grias-pidima-andros-300x200.jpg 300w, https:\/\/bellavistaandros.com\/wp-content\/uploads\/2020\/02\/bella-vista-grias-pidima-andros-768x512.jpg 768w, https:\/\/bellavistaandros.com\/wp-content\/uploads\/2020\/02\/bella-vista-grias-pidima-andros-892x594.jpg 892w, https:\/\/bellavistaandros.com\/wp-content\/uploads\/2020\/02\/bella-vista-grias-pidima-andros-150x100.jpg 150w\" sizes=\"auto, (max-width: 900px) 100vw, 900px\" \/><\/a><\/figure><\/li><li class=\"blocks-gallery-item\"><figure><a href=\"https:\/\/bellavistaandros.com\/wp-content\/uploads\/2020\/02\/bella-vista-vitali.jpg\"><img loading=\"lazy\" decoding=\"async\" width=\"1024\" height=\"576\" src=\"https:\/\/bellavistaandros.com\/wp-content\/uploads\/2020\/02\/bella-vista-vitali-1024x576.jpg\" alt=\"\" data-id=\"1235\" data-full-url=\"https:\/\/bellavistaandros.com\/wp-content\/uploads\/2020\/02\/bella-vista-vitali.jpg\" data-link=\"https:\/\/bellavistaandros.com\/%ce%b7-%ce%b1%ce%bd%ce%b4%cf%81%ce%bf%cf%82\/bella-vista-vitali\/\" class=\"wp-image-1235\" srcset=\"https:\/\/bellavistaandros.com\/wp-content\/uploads\/2020\/02\/bella-vista-vitali-1024x576.jpg 1024w, https:\/\/bellavistaandros.com\/wp-content\/uploads\/2020\/02\/bella-vista-vitali-300x169.jpg 300w, https:\/\/bellavistaandros.com\/wp-content\/uploads\/2020\/02\/bella-vista-vitali-768x432.jpg 768w, https:\/\/bellavistaandros.com\/wp-content\/uploads\/2020\/02\/bella-vista-vitali-892x502.jpg 892w, https:\/\/bellavistaandros.com\/wp-content\/uploads\/2020\/02\/bella-vista-vitali.jpg 1280w\" sizes=\"auto, (max-width: 1024px) 100vw, 1024px\" \/><\/a><\/figure><\/li><li class=\"blocks-gallery-item\"><figure><a href=\"https:\/\/bellavistaandros.com\/wp-content\/uploads\/2020\/02\/bella-vista-agios-petros.jpg\"><img loading=\"lazy\" decoding=\"async\" width=\"1024\" height=\"438\" src=\"https:\/\/bellavistaandros.com\/wp-content\/uploads\/2020\/02\/bella-vista-agios-petros-1024x438.jpg\" alt=\"\" data-id=\"1233\" data-full-url=\"https:\/\/bellavistaandros.com\/wp-content\/uploads\/2020\/02\/bella-vista-agios-petros.jpg\" data-link=\"https:\/\/bellavistaandros.com\/%ce%b7-%ce%b1%ce%bd%ce%b4%cf%81%ce%bf%cf%82\/bella-vista-agios-petros\/\" class=\"wp-image-1233\" srcset=\"https:\/\/bellavistaandros.com\/wp-content\/uploads\/2020\/02\/bella-vista-agios-petros-1024x438.jpg 1024w, https:\/\/bellavistaandros.com\/wp-content\/uploads\/2020\/02\/bella-vista-agios-petros-300x128.jpg 300w, https:\/\/bellavistaandros.com\/wp-content\/uploads\/2020\/02\/bella-vista-agios-petros-768x329.jpg 768w, https:\/\/bellavistaandros.com\/wp-content\/uploads\/2020\/02\/bella-vista-agios-petros-1536x658.jpg 1536w, https:\/\/bellavistaandros.com\/wp-content\/uploads\/2020\/02\/bella-vista-agios-petros-892x382.jpg 892w, https:\/\/bellavistaandros.com\/wp-content\/uploads\/2020\/02\/bella-vista-agios-petros.jpg 1920w\" sizes=\"auto, (max-width: 1024px) 100vw, 1024px\" \/><\/a><\/figure><\/li><\/ul><\/figure>\n\n\n\n<p><strong>In anderen Teilen von Andros gibt es Sehensw\u00fcrdigkeiten, die man besuchen sollte, wie:<\/strong>:<\/p>\n\n\n\n<ul class=\"wp-block-list\"><li class=\"translation-block\">Die Quelle Sariza in Apoikia<\/li><li>Den Turm von Agios Petros und den Leuchtturm in Gavrio<\/li><li>Die antike Stadt von Andros, die Geometrische Siedlung von Zagora und das Arch\u00e4ologische Museum von Palaiopolis<\/li><li>Die Quellen von Dionyssos und die Kirche von Taxiarchis von Melida in Menites<\/li><li>Die Obere Burg und das Volkskunde-Kirchliche Museum in der Bucht von Korthi<\/li><li>Die Kirche von Taxiarchis in Messaria<\/li><li>Die Br\u00fccke des L\u00f6wen und den Turm Bisti-Mouvela in Stenies<\/li><\/ul>\n\n\n\n<p class=\"translation-block\">Andros ist 36 Meilen vom Hafen von Rafina entfernt, der an der \u00f6stlichen K\u00fcste von Attika liegt. Vom Hafen von Rafina  gibt es regelm\u00e4\u00dfig Schiffe f\u00fcr Andros. Die Schiffsreise dauert 2 Stunden.<\/p>\n\n\n\n<p class=\"translation-block\">Es gibt t\u00e4glich mehrere Abreisen vom Hafen von Rafina nach Andros, je nach Jahreszeit. Sie k\u00f6nnen nach Rafine mit dem Bus (KTEL) vom Marsfeld (Pedon tou Areos) in Athen oder mit Privatauto durch die Attiki Odos in Richtung Markopoulo fahren, und dann den Ausgang nach Rafina nehmen. Danach fahren Sie auf der Marathonos-Chaussee bis Sie das Schild nach Rafina sehen.<\/p>\n\n\n\n<p>Wenn Sie sich im Flughafen von Athen befinden und Andros besuchen m\u00f6chten, k\u00f6nnen Sie in eins der speziellen Busse des Flughafens steigen oder ein Taxi zum Hafen von Rafina nehmen. Der Bus kostet \u20ac 3 und das Taxi \u20ac 25 \u2013 \u20ac 30.<\/p>\n\n\n\n<p>Falls Sie vom restlichen Griechenland kommen, m\u00fcssen Sie die Autobahn bis zum ersten Eingang f\u00fcr die Attiki Odos nehmen, Richtung Markopoulo. Fahren Sie bis Sie das Schild nach \u201eRafina\u201c finden und dann weiter geradeaus bis Rafina.<\/p>\n\n\n\n<p>\u039c\u03c0\u03bf\u03c1\u03b5\u03af\u03c4\u03b5 \u03bd\u03b1 \u03c6\u03c4\u03ac\u03c3\u03b5\u03c4\u03b5 \u03c3\u03c4\u03b7\u03bd \u0386\u03bd\u03b4\u03c1\u03bf \u03bc\u03b5 \u03c0\u03bb\u03bf\u03af\u03bf \u03b1\u03c0\u03cc \u03ba\u03ac\u03c0\u03bf\u03b9\u03b1 \u03ac\u03bb\u03bb\u03b1 \u03bd\u03b7\u03c3\u03b9\u03ac \u03c4\u03c9\u03bd \u039a\u03c5\u03ba\u03bb\u03ac\u03b4\u03c9\u03bd, \u03cc\u03c0\u03c9\u03c2 \u03c4\u03b7 \u039c\u03cd\u03ba\u03bf\u03bd\u03bf, \u03c4\u03b7 \u039d\u03ac\u03be\u03bf, \u03c4\u03b7\u03bd \u03a0\u03ac\u03c1\u03bf, \u03c4\u03b7 \u03a3\u03cd\u03c1\u03bf \u03ba\u03b1\u03b9 \u03c4\u03b7\u03bd \u03a4\u03ae\u03bd\u03bf. \u0395\u03ac\u03bd \u03b8\u03ad\u03bb\u03b5\u03c4\u03b5 \u03bd\u03b1 \u03bc\u03ac\u03b8\u03b5\u03c4\u03b5 \u03b3\u03b9\u03b1 \u03c4\u03b1 \u03b4\u03c1\u03bf\u03bc\u03bf\u03bb\u03cc\u03b3\u03b9\u03b1 \u03c0\u03bf\u03c5 \u03c3\u03c5\u03bd\u03b4\u03ad\u03bf\u03c5\u03bd \u03c4\u03b7\u03bd \u0386\u03bd\u03b4\u03c1\u03bf \u03bc\u2019 \u03b1\u03c5\u03c4\u03ac \u03c4\u03b1 \u03bd\u03b7\u03c3\u03b9\u03ac, \u03b5\u03c0\u03b9\u03ba\u03bf\u03b9\u03bd\u03c9\u03bd\u03ae\u03c3\u03c4\u03b5 \u03bc\u03b5 \u03c4\u03bf \u03bb\u03b9\u03bc\u03ac\u03bd\u03b9 \u03c4\u03b7\u03c2 \u0386\u03bd\u03b4\u03c1\u03bf\u03c5.<\/p>\n\n\n\n<p><strong>N\u00fctzliche Telefonnummern:<\/strong>:<\/p>\n\n\n\n<ul class=\"wp-block-list\"><li>Hafen von Rafina: Tel. 22940 22300 oder 22940 22487<\/li><li>Seaways Lines von Rafina: Tel. 22940 24660<\/li><li>Hafen von Andros: Tel. 22820 71213<\/li><li>Allgemeine Telefonnummer f\u00fcr Informationen \u00fcber Schiffreisen: Tel. 1440<\/li><li>Bus-Station KTEL in Athen: Tel. 210 821-0872 oder 210 823-0007<\/li><li>Bus-Station KTEL in Rafina: Tel. 22940 23440<\/li><\/ul>\n\n\n\n<p><\/p>","protected":false},"excerpt":{"rendered":"<p>\u0397 \u0391\u03bd\u03b4\u03c1\u03bf\u03c2 \u03b5\u03af\u03bd\u03b1\u03b9 \u03ad\u03bd\u03b1 \u03b1\u03c0\u03cc \u03c4\u03b1 \u03b4\u03b7\u03bc\u03bf\u03c6\u03b9\u03bb\u03ad\u03c3\u03c4\u03b5\u03c1\u03b1 \u03c4\u03bf\u03c5\u03c1\u03b9\u03c3\u03c4\u03b9\u03ba\u03ac \u03b8\u03ad\u03c1\u03b5\u03c4\u03c1\u03b1, \u03b5\u03be\u03b1\u03b9\u03c4\u03af\u03b1\u03c2 \u03c4\u03b7\u03c2 \u03c6\u03c5\u03c3\u03b9\u03ba\u03ae\u03c2 \u03bf\u03bc\u03bf\u03c1\u03c6\u03b9\u03ac\u03c2, \u03c4\u03b7\u03c2 \u03ba\u03bf\u03c5\u03bb\u03c4\u03bf\u03cd\u03c1\u03b1\u03c2 \u03ba\u03b1\u03b9 \u03c4\u03b7\u03c2 \u03ba\u03bf\u03bd\u03c4\u03b9\u03bd\u03ae\u03c2 \u03b1\u03c0\u03cc\u03c3\u03c4\u03b1\u03c3\u03ae\u03c2 \u03c4\u03b7\u03c2 \u03b1\u03c0\u03cc \u03c4\u03b7\u03bd \u0391\u03b8\u03ae\u03bd\u03b1. \u03a4\u03bf \u03bd\u03b7\u03c3\u03af \u03b4\u03b9\u03b1\u03b8\u03ad\u03c4\u03b5\u03b9 \u03c0\u03b1\u03bd\u03ad\u03bc\u03bf\u03c1\u03c6\u03b5\u03c2 \u03c0\u03b1\u03c1\u03b1\u03bb\u03af\u03b5\u03c2, \u03c3\u03c0\u03bf\u03c5\u03b4\u03b1\u03af\u03b1 \u03b1\u03c1\u03c7\u03b1\u03b9\u03bf\u03bb\u03bf\u03b3\u03b9\u03ba\u03ac \u03ba\u03b1\u03b9 \u03b9\u03c3\u03c4\u03bf\u03c1\u03b9\u03ba\u03ac \u03bc\u03bd\u03b7\u03bc\u03b5\u03af\u03b1, \u03ba\u03b1\u03c4\u03ac\u03c6\u03c5\u03c4\u03b5\u03c2 \u03ba\u03bf\u03b9\u03bb\u03ac\u03b4\u03b5\u03c2, \u03b1\u03c0\u03ad\u03c1\u03b1\u03bd\u03c4\u03b5\u03c2 \u03b5\u03ba\u03c4\u03ac\u03c3\u03b5\u03b9\u03c2 \u03bc\u03b5 \u03b5\u03bb\u03b9\u03ad\u03c2, \u03c6\u03b1\u03c1\u03ac\u03b3\u03b3\u03b9\u03b1 \u03ba\u03b1\u03b9 \u03ba\u03c1\u03c5\u03c3\u03c4\u03ac\u03bb\u03bb\u03b9\u03bd\u03b1 \u03c4\u03c1\u03b5\u03c7\u03bf\u03cd\u03bc\u03b5\u03bd\u03b1 \u03bd\u03b5\u03c1\u03ac. \u03a4\u03bf \u039c\u03c0\u03b1\u03c4\u03c3\u03af \u03ad\u03bd\u03b1 \u03b1\u03c0\u03cc \u03c4\u03b1 \u03c0\u03b9\u03bf \u03c0\u03bf\u03bb\u03c5\u03c3\u03cd\u03c7\u03bd\u03b1\u03c3\u03c4\u03b1 \u03bc\u03ad\u03c1\u03b7 \u03c4\u03bf\u03c5 \u03bd\u03b7\u03c3\u03b9\u03bf\u03cd \u03b2\u03c1\u03af\u03c3\u03ba\u03b5\u03c4\u03b1\u03b9 [&hellip;]<\/p>\n","protected":false},"author":1,"featured_media":619,"parent":0,"menu_order":0,"comment_status":"closed","ping_status":"closed","template":"template-wide-page.php","meta":{"pagelayer_contact_templates":[],"_pagelayer_content":"","footnotes":""},"class_list":["post-618","page","type-page","status-publish","has-post-thumbnail","hentry"],"aioseo_notices":[],"_links":{"self":[{"href":"https:\/\/bellavistaandros.com\/de\/wp-json\/wp\/v2\/pages\/618","targetHints":{"allow":["GET"]}}],"collection":[{"href":"https:\/\/bellavistaandros.com\/de\/wp-json\/wp\/v2\/pages"}],"about":[{"href":"https:\/\/bellavistaandros.com\/de\/wp-json\/wp\/v2\/types\/page"}],"author":[{"embeddable":true,"href":"https:\/\/bellavistaandros.com\/de\/wp-json\/wp\/v2\/users\/1"}],"replies":[{"embeddable":true,"href":"https:\/\/bellavistaandros.com\/de\/wp-json\/wp\/v2\/comments?post=618"}],"version-history":[{"count":8,"href":"https:\/\/bellavistaandros.com\/de\/wp-json\/wp\/v2\/pages\/618\/revisions"}],"predecessor-version":[{"id":1280,"href":"https:\/\/bellavistaandros.com\/de\/wp-json\/wp\/v2\/pages\/618\/revisions\/1280"}],"wp:featuredmedia":[{"embeddable":true,"href":"https:\/\/bellavistaandros.com\/de\/wp-json\/wp\/v2\/media\/619"}],"wp:attachment":[{"href":"https:\/\/bellavistaandros.com\/de\/wp-json\/wp\/v2\/media?parent=618"}],"curies":[{"name":"wp","href":"https:\/\/api.w.org\/{rel}","templated":true}]}}